{"id":93,"date":"2011-10-30T20:59:41","date_gmt":"2011-10-30T18:59:41","guid":{"rendered":"http:\/\/fortbassesperches.com\/?page_id=93"},"modified":"2019-04-08T22:12:08","modified_gmt":"2019-04-08T20:12:08","slug":"localisation-du-fort","status":"publish","type":"page","link":"https:\/\/fortbassesperches.com\/?page_id=93","title":{"rendered":"Localisation du Fort"},"content":{"rendered":"<p>Le fort des Basses Perches est situ\u00e9 \u00e0 l&rsquo;extr\u00e9mit\u00e9 sud-ouest&nbsp;de la colline des Perches.<br \/>\nCette colline surplombe la commune de Danjoutin, la ville de Belfort et la commune de P\u00e9rouse.<br \/>\nA l&rsquo;extr\u00e9mit\u00e9 nord-est a \u00e9t\u00e9 construit le fort des Hautes Perches.<br \/>\nLa vue a\u00e9rienne met en \u00e9vidence la situation strat\u00e9gique des deux forts&nbsp;; ils dominent la Citadelle de Belfort, qui est \u00e9loign\u00e9e d&rsquo;environ 800 m.<\/p>\n<p>Le fort est accessible en voiture par la rue des Perches \u00e0 Belfort et \u00e0 pied par&nbsp;un chemin \u00e0 partir de la commune de Danjoutin. Se reporter au site https:\/\/www.foretsdanjoutin.wordpress.com.<\/p>\n<p><span style=\"color: #ffffff;\">a<\/span><br \/>\n<iframe loading=\"lazy\" src=\"http:\/\/maps.google.fr\/maps?ie=UTF8&amp;hl=fr&amp;view=map&amp;cid=6775012967434232992&amp;q=Fort+des+Basses+Perches&amp;t=h&amp;vpsrc=6&amp;ll=47.625985,6.86858&amp;spn=0.006295,0.006295&amp;output=embed\" marginwidth=\"0\" marginheight=\"0\" scrolling=\"no\" width=\"550\" height=\"455\" frameborder=\"0\"><\/iframe><br \/>\n<small><a style=\"color: #0000ff; text-align: left;\" href=\"http:\/\/maps.google.fr\/maps?ie=UTF8&amp;hl=fr&amp;view=map&amp;cid=6775012967434232992&amp;q=Fort+des+Basses+Perches&amp;t=h&amp;vpsrc=6&amp;ll=47.625985,6.86858&amp;spn=0.006295,0.006295&amp;source=embed\">Agrandir le plan<\/a><\/small><br \/>\n.<br \/>\n.<\/p>\n","protected":false},"excerpt":{"rendered":"<p>Le fort des Basses Perches est situ\u00e9 \u00e0 l&rsquo;extr\u00e9mit\u00e9 sud-ouest&nbsp;de la colline des Perches. Cette colline surplombe la commune de Danjoutin, la ville de Belfort et la commune de P\u00e9rouse. A l&rsquo;extr\u00e9mit\u00e9 nord-est a \u00e9t\u00e9 construit le fort des Hautes &hellip; <a href=\"https:\/\/fortbassesperches.com\/?page_id=93\">Continuer la lecture <span class=\"meta-nav\">&rarr;<\/span><\/a><\/p>\n","protected":false},"author":1,"featured_media":0,"parent":51,"menu_order":1,"comment_status":"closed","ping_status":"closed","template":"","meta":{"ngg_post_thumbnail":0,"footnotes":""},"class_list":["post-93","page","type-page","status-publish","hentry"],"_links":{"self":[{"href":"https:\/\/fortbassesperches.com\/index.php?rest_route=\/wp\/v2\/pages\/93","targetHints":{"allow":["GET"]}}],"collection":[{"href":"https:\/\/fortbassesperches.com\/index.php?rest_route=\/wp\/v2\/pages"}],"about":[{"href":"https:\/\/fortbassesperches.com\/index.php?rest_route=\/wp\/v2\/types\/page"}],"author":[{"embeddable":true,"href":"https:\/\/fortbassesperches.com\/index.php?rest_route=\/wp\/v2\/users\/1"}],"replies":[{"embeddable":true,"href":"https:\/\/fortbassesperches.com\/index.php?rest_route=%2Fwp%2Fv2%2Fcomments&post=93"}],"version-history":[{"count":89,"href":"https:\/\/fortbassesperches.com\/index.php?rest_route=\/wp\/v2\/pages\/93\/revisions"}],"predecessor-version":[{"id":1526,"href":"https:\/\/fortbassesperches.com\/index.php?rest_route=\/wp\/v2\/pages\/93\/revisions\/1526"}],"up":[{"embeddable":true,"href":"https:\/\/fortbassesperches.com\/index.php?rest_route=\/wp\/v2\/pages\/51"}],"wp:attachment":[{"href":"https:\/\/fortbassesperches.com\/index.php?rest_route=%2Fwp%2Fv2%2Fmedia&parent=93"}],"curies":[{"name":"wp","href":"https:\/\/api.w.org\/{rel}","templated":true}]}}