{"id":39,"date":"2011-10-06T22:06:56","date_gmt":"2011-10-06T20:06:56","guid":{"rendered":"http:\/\/fortbassesperches.com\/?page_id=39"},"modified":"2017-11-12T13:10:46","modified_gmt":"2017-11-12T11:10:46","slug":"photos","status":"publish","type":"page","link":"https:\/\/fortbassesperches.com\/?page_id=39","title":{"rendered":"Photos et Vid\u00e9os du Fort"},"content":{"rendered":"<p>o Cr\u00e9dit photos : Jean-Pierre Vernier &#8211; Amicale du Fort des Basses Perches<br \/>\n<code><\/code><!--more--><\/p>\n<p><!--more--><\/p>\nngg_shortcode_0_placeholder\n<p>.<\/p>\n<p>o Vid\u00e9os du Fort 2014<br \/>\nCr\u00e9dit vid\u00e9os : Wilfrid Guenet<br \/>\n<\/strong>Cliquer sur une des cinq lignes pour faire d\u00e9rouler la vid\u00e9o concern\u00e9e.<\/p>\n<p><a href=\"https:\/\/www.youtube.com\/watch?v=TvicSiXytSM\">Verticale du Fort<\/a><\/p>\n<p><a href=\"https:\/\/www.youtube.com\/watch?v=JGRtPMQ66rg\">Travaux 2014<\/a><\/p>\n<p><a href=\"https:\/\/www.youtube.com\/watch?v=VhDia-Rkvug\">Entr\u00e9e du Fort<\/a><\/p>\n<p><a href=\"https:\/\/www.youtube.com\/watch?v=V3g0iK2vpCg\">Verticale brume<\/a><\/p>\n<p><a href=\"https:\/\/www.youtube.com\/watch?v=jEcBd7Au6l4\">Vues ext\u00e9rieures<\/a><\/p>\n<p>o Vid\u00e9o du Fort du mois d&rsquo;avril 2017 mettant en \u00e9vidence sa fonction Sentinelle de la Citadelle de Belfort<br \/>\nCr\u00e9dit vid\u00e9o : Jean-Marie Balliet<\/p>\n<p><iframe loading=\"lazy\" title=\"Fort des Basses Perches (vol du 13.04.2017)\" src=\"https:\/\/player.vimeo.com\/video\/213158267?dnt=1&amp;app_id=122963\" width=\"640\" height=\"360\" frameborder=\"0\" allow=\"autoplay; fullscreen; picture-in-picture; clipboard-write\"><\/iframe><\/p>\n","protected":false},"excerpt":{"rendered":"<p>o Cr\u00e9dit photos : Jean-Pierre Vernier &#8211; Amicale du Fort des Basses Perches<\/p>\n","protected":false},"author":1,"featured_media":0,"parent":0,"menu_order":3,"comment_status":"closed","ping_status":"closed","template":"","meta":{"ngg_post_thumbnail":0,"footnotes":""},"class_list":["post-39","page","type-page","status-publish","hentry"],"_links":{"self":[{"href":"https:\/\/fortbassesperches.com\/index.php?rest_route=\/wp\/v2\/pages\/39","targetHints":{"allow":["GET"]}}],"collection":[{"href":"https:\/\/fortbassesperches.com\/index.php?rest_route=\/wp\/v2\/pages"}],"about":[{"href":"https:\/\/fortbassesperches.com\/index.php?rest_route=\/wp\/v2\/types\/page"}],"author":[{"embeddable":true,"href":"https:\/\/fortbassesperches.com\/index.php?rest_route=\/wp\/v2\/users\/1"}],"replies":[{"embeddable":true,"href":"https:\/\/fortbassesperches.com\/index.php?rest_route=%2Fwp%2Fv2%2Fcomments&post=39"}],"version-history":[{"count":56,"href":"https:\/\/fortbassesperches.com\/index.php?rest_route=\/wp\/v2\/pages\/39\/revisions"}],"predecessor-version":[{"id":1376,"href":"https:\/\/fortbassesperches.com\/index.php?rest_route=\/wp\/v2\/pages\/39\/revisions\/1376"}],"wp:attachment":[{"href":"https:\/\/fortbassesperches.com\/index.php?rest_route=%2Fwp%2Fv2%2Fmedia&parent=39"}],"curies":[{"name":"wp","href":"https:\/\/api.w.org\/{rel}","templated":true}]}}