{"id":215,"date":"2011-11-29T17:22:00","date_gmt":"2011-11-29T15:22:00","guid":{"rendered":"http:\/\/fortbassesperches.com\/?page_id=215"},"modified":"2016-06-12T13:11:33","modified_gmt":"2016-06-12T11:11:33","slug":"la-periode-sere-de-rivieres","status":"publish","type":"page","link":"https:\/\/fortbassesperches.com\/?page_id=215","title":{"rendered":"La P\u00e9riode S\u00e9r\u00e9 de Rivi\u00e8res"},"content":{"rendered":"<p><strong><span style=\"color: #ff0000;\">Page en chantier<\/span><\/strong><\/p>\n","protected":false},"excerpt":{"rendered":"<p>Page en chantier<\/p>\n","protected":false},"author":1,"featured_media":0,"parent":202,"menu_order":5,"comment_status":"closed","ping_status":"closed","template":"","meta":{"ngg_post_thumbnail":0,"footnotes":""},"class_list":["post-215","page","type-page","status-publish","hentry"],"_links":{"self":[{"href":"https:\/\/fortbassesperches.com\/index.php?rest_route=\/wp\/v2\/pages\/215","targetHints":{"allow":["GET"]}}],"collection":[{"href":"https:\/\/fortbassesperches.com\/index.php?rest_route=\/wp\/v2\/pages"}],"about":[{"href":"https:\/\/fortbassesperches.com\/index.php?rest_route=\/wp\/v2\/types\/page"}],"author":[{"embeddable":true,"href":"https:\/\/fortbassesperches.com\/index.php?rest_route=\/wp\/v2\/users\/1"}],"replies":[{"embeddable":true,"href":"https:\/\/fortbassesperches.com\/index.php?rest_route=%2Fwp%2Fv2%2Fcomments&post=215"}],"version-history":[{"count":6,"href":"https:\/\/fortbassesperches.com\/index.php?rest_route=\/wp\/v2\/pages\/215\/revisions"}],"predecessor-version":[{"id":1216,"href":"https:\/\/fortbassesperches.com\/index.php?rest_route=\/wp\/v2\/pages\/215\/revisions\/1216"}],"up":[{"embeddable":true,"href":"https:\/\/fortbassesperches.com\/index.php?rest_route=\/wp\/v2\/pages\/202"}],"wp:attachment":[{"href":"https:\/\/fortbassesperches.com\/index.php?rest_route=%2Fwp%2Fv2%2Fmedia&parent=215"}],"curies":[{"name":"wp","href":"https:\/\/api.w.org\/{rel}","templated":true}]}}