{"id":207,"date":"2011-11-29T17:13:04","date_gmt":"2011-11-29T15:13:04","guid":{"rendered":"http:\/\/fortbassesperches.com\/?page_id=207"},"modified":"2012-01-06T17:41:16","modified_gmt":"2012-01-06T15:41:16","slug":"la-colline-des-perches-interet-militaire","status":"publish","type":"page","link":"https:\/\/fortbassesperches.com\/?page_id=207","title":{"rendered":"La Colline des Perches &#8211; Int\u00e9r\u00eat Militaire"},"content":{"rendered":"<h2>La Colline des Perches &#8211; Int\u00e9r\u00eat Militaire\u00a0pour la D\u00e9fense de Belfort<\/h2>\n<p>La pr\u00e9sente page traite de la fortification des hauteurs de Belfort et en particulier la fortification de la colline des Perches de 1815 (Lecourbe)\u00a0jusqu&rsquo;\u00e0 1870 (Denfert-Rochereau).<\/p>\n<p><em>Le plan en bas de la page montre la fortification des hauteurs de Belfort en 1870.<\/em><\/p>\n<p><strong>P\u00e9riode Legrand (1799)\u00a0&#8211; Lecourbe (1815)\u00a0&#8211; Haxo (1818 \u00e0 1830)\u00a0&#8211;<br \/>\nDenfert (1867 \u00e0 1870)<\/strong><\/p>\n<p>Un m\u00e9moire du 10 juillet 1792, r\u00e9dig\u00e9 par Sorbier et pr\u00e9sent\u00e9 par de Golb\u00e9ry, dresse un \u00e9tat peu flatteur de la fortification existante \u00e0 Belfort ; l&rsquo;auteur reprend l&rsquo;id\u00e9e avanc\u00e9e par Vauban de fortifier les collines entourant la ville : la Miotte, le Gibet (actuellement la Justice), la Perche et les Barres. Il propose d&rsquo;\u00e9tablir un simple cordon de redoutes et de faire de l&rsquo;ensemble un camp retranch\u00e9.<\/p>\n<p>En septembre 1792, trois redoutes sont pr\u00e9vues, une sous la pierre de la Miotte, une aux Fourches patibulaires (actuellement la Justice), et une au bois de la Perche. En d\u00e9cembre 1793, l&rsquo;ing\u00e9nieur en chef du g\u00e9nie <strong>Legrand<\/strong> donne dans un rapport l&rsquo;assurance que le camp sera construit d&rsquo;une mani\u00e8re solide et durable. Le 14 f\u00e9vrier 1794, les redoutes de la Miotte et de la Justice sont achev\u00e9es, celle de la Perche simplement amorc\u00e9e ; la situation militaire de l&rsquo;\u00e9poque permet l&rsquo;arr\u00eat d\u00e9finitif des travaux le 23 juillet 1794.<br \/>\n<strong>Legrand<\/strong> nomm\u00e9 commandant de la place de Belfort en 1799 constate que les travaux sont rest\u00e9s en l&rsquo;\u00e9tat.<\/p>\n<p><strong>1813-1814<\/strong><br \/>\nEn 1813 lors de la premi\u00e8re invasion, la place \u00e9tait en fort mauvais \u00e9tat, rien n&rsquo;avait \u00e9t\u00e9 pr\u00e9par\u00e9 pour assurer sa r\u00e9sistance et ce n&rsquo;est que peu avant le passage du Rhin qui avait lieu le 22 octobre que l&rsquo;on y rassemblait quelques subsistances tir\u00e9es des communes environnantes. La garnison \u00e9tait port\u00e9e \u00e0 3000 hommes et 50 chevaux et form\u00e9e de d\u00e9tachement de diff\u00e9rents corps et principalement de recrues presque nues.<br \/>\nLe 13 janvier la garnison faiasait une grande sortie sur Danjoutin d&rsquo;o\u00f9 elle ramenait quelques pi\u00e8ces de b\u00e9tails et six sacs de bl\u00e9.<br \/>\nEnfin le 13 avril 1814, la capitulation \u00e9tait sign\u00e9e et les Autrichiens entraient le 15 dans la ville. La garnison avait perdu pr\u00e8s de 600 hommes par la maladie et avait encore environ 300 malades.<br \/>\nCe blocus ne pr\u00e9sentait rien de remarquable ni de la part des assi\u00e9geants qui ne faisaient pas de travaux d&rsquo;attaque ni de celle des assi\u00e9g\u00e9s qui ne tentaient aucune action de vigueur.<\/p>\n<p><strong>1815<br \/>\n<\/strong>Belfort avait en 1815 de nouvelles attaques \u00e0 soutenir ; mais cette fois gr\u00e2ce au g\u00e9nie du g\u00e9n\u00e9ral <strong>Lecourbe<\/strong> \u00e0 qui l&rsquo;Empereur n&rsquo;avait donn\u00e9 qu&rsquo;une poign\u00e9e de monde pour d\u00e9fendre cette partie de la fronti\u00e8re, la ville n&rsquo;avait point \u00e0 souffrir.<\/p>\n<div id=\"attachment_516\" style=\"width: 414px\" class=\"wp-caption alignleft\"><a href=\"http:\/\/fortbassesperches.com\/wp-content\/uploads\/2011\/11\/P1010213-Ret-400X515-R80.jpg\"><img loading=\"lazy\" decoding=\"async\" aria-describedby=\"caption-attachment-516\" class=\"size-full wp-image-516\" title=\"P1010213 Ret 400X515 R80\" src=\"http:\/\/fortbassesperches.com\/wp-content\/uploads\/2011\/11\/P1010213-Ret-400X515-R80.jpg\" alt=\"\" width=\"404\" height=\"519\" srcset=\"https:\/\/fortbassesperches.com\/wp-content\/uploads\/2011\/11\/P1010213-Ret-400X515-R80.jpg 404w, https:\/\/fortbassesperches.com\/wp-content\/uploads\/2011\/11\/P1010213-Ret-400X515-R80-233x300.jpg 233w\" sizes=\"auto, (max-width: 404px) 100vw, 404px\" \/><\/a><p id=\"caption-attachment-516\" class=\"wp-caption-text\">G\u00e9n\u00e9ral Lecourbe - D\u00e9fenseur de Belfort en 1815 - Tableau Mairie de Belfort<\/p><\/div>\n<p>Un des premiers soins du g\u00e9n\u00e9ral, en prenant le commandement sup\u00e9rieur, \u00e9tait de reprendre la construction des ouvrages de campagne pour occuper les hauteurs des Barres et de Bellevue, les deux <strong>Perches<\/strong>, la Justice,\u00a0la Miotte et les ouvrages sur le chemin de B\u00e2le \u00e0 l&rsquo;ouest de P\u00e9rouse et sur la route de Lyon. D\u00e9j\u00e0 d\u00e8s le 27 mai, le mar\u00e9chal Suchet avait donn\u00e9 des ordres pour occuper ces hauteurs ; les ouvrages ex\u00e9cut\u00e9s \u00e0 la h\u00e2te, dans un terrain difficile et avec peu de moyens, en partie par des hommes de requisition d&rsquo;assez mauvaise volont\u00e9, ne pouvaient \u00eatre perfectionn\u00e9s ; et m\u00eame les palissades que l&rsquo;on aurait pu sans grands travaux consolider dans le roc, \u00e9taient en plusieurs endroits plac\u00e9es dans les gabions remplis de rocailles.<br \/>\nLe g\u00e9n\u00e9ral Lecourbe faisait en m\u00eame temps ex\u00e9cuter des travaux d\u00e9fensifs \u00e0 Montb\u00e9liard et \u00e0 Bourogne.<br \/>\nL&rsquo;\u00e9v\u00e9nement d\u00e9montrait la bont\u00e9 des dispositions de ce brave g\u00e9n\u00e9ral, qui avec une poign\u00e9e de monde, disputait le terrain \u00e0 des forces sup\u00e9rieures et d\u00e9fendait chaque position depuis le 26 juin, jour o\u00f9 le g\u00e9n\u00e9ral autrichien le comte de Colloredo attaquait nos avants postes pr\u00e8s de B\u00e2le, jusqu&rsquo;au 11 juillet o\u00f9 il livrait un dernier combat, le seul qui n&rsquo;avait pas de succ\u00e8s, pour faciliter le passage d&rsquo;un convoi venant de Besan\u00e7on. L&rsquo;ennemi, dans ces diff\u00e9rentes affaires, avait 17000 hommes hors combat et plus d&rsquo;une fois les redoutes du camp retranch\u00e9 de Belfort qoui qu&rsquo;\u00e0 peine \u00e9bauch\u00e9es, rendaient d&rsquo;importants services, c&rsquo;est devant celle de la Basse Perches que le g\u00e9n\u00e9ral Mambourg par une charge en flanc d\u00e9truisait en entier le 4 juillet un bataillon autrichien qui marchait pour l&rsquo;attaquer ; trois hommes seulement \u00e9taient \u00e9pargn\u00e9s, les efforts de l&rsquo;ennemi \u00e9taient vains contre le village et le redoute du bois de P\u00e9rouse, d\u00e9fendu par le g\u00e9n\u00e9ral Abb\u00e9, et le g\u00e9n\u00e9ral Montfort attaquait et reprenait Offemont et la redoute de la Miotte. Enfin les ouvrages des Barres et de Bellevue soutenaient l&rsquo;attaque de Bavilliers et d&rsquo;Essert dont le g\u00e9n\u00e9ral Lecourbe devait s&#8217;emparer pour ouvrir le passage \u00e0 un convoi de vivres venant de Vesoul et qui arrivait heureusement \u00e0 Belfort.<br \/>\nLes travaux de fortification se sont poursuies de 1817 \u00e0 1842, sous la responsabilit\u00e9 de l&rsquo;inspecteur g\u00e9n\u00e9ral des fortifications <strong>Haxo<\/strong>.<br \/>\nLa campagne de 1815 ayant d\u00e9montr\u00e9e de nouveau l&rsquo;importance de la position de Belfort, il \u00e9tait d\u00e9cid\u00e9 que la place serait fort augmment\u00e9e et le g\u00e9n\u00e9ral Haxo r\u00e9digeait un projet d&rsquo;ensemble dont l&rsquo;id\u00e9e principale \u00e9tait d&rsquo;agrandir la place en y rattachant la corne de l&rsquo;Esp\u00e9rance en fortifiant le faubourg de France et en faisant du vallon compris entre la Miotte et la Justice un camp retranch\u00e9 permanent destin\u00e9 \u00e0 recevoir les \u00e9tablissements et magasins n\u00e9cessaires pour ravitailler une arm\u00e9e.<br \/>\nCette id\u00e9e \u00e9tait adopt\u00e9e en principe et a servi de base \u00e0 tout ce qui a \u00e9t\u00e9 fait depuis, voir le r\u00e9sum\u00e9 des tavaux qui suit :<br \/>\n&#8211; Modifications du Ch\u00e2teau<br \/>\n&#8211; Camp retranch\u00e9 \u00e0 partir de 1825 :<br \/>\n..Communication \u00e0 la Justice par la lunette 18<br \/>\n..Fort de la Justice<br \/>\n..Fort de la Miotte<br \/>\n..Front du Vallon entre la Justice et la Miotte<br \/>\n&#8211; Enceinte du Faubourg de France<\/p>\n<p><strong>Le fort des Barres<br \/>\n<\/strong>Ce fort devrait \u00eatre assis en partie sur le sommet du plateau et en partie sur la pente qui sedirige vers la ville.<br \/>\nDe tous temps l&rsquo;occupation de la hauteur des Barres par un fort et la conservation des faubourgs par une enceinte fortifi\u00e9e ont \u00e9t\u00e9 consid\u00e9r\u00e9es comme indispensables pour une place aussi importante que celle de Belfort.<br \/>\nUn premier projet \u00e9tait pr\u00e9sent\u00e9 en 1831, mais la question \u00e9tait ajourn\u00e9e par le comit\u00e9 jusqu&rsquo;\u00e0 l&rsquo;ach\u00e8vement des travaux entrepris dans la place de Belfort : celui-ci \u00e9tait de nouveau appel\u00e9 \u00e0 donner son avis sur les deux projets pr\u00e9sent\u00e9s, l&rsquo;un en 1834 et l&rsquo;autre en 1841 ; et dans sa s\u00e9ance du 1er f\u00e9vrier 1842, il a fix\u00e9 les bases sur lesquelles devrait \u00eatre fait une nouvelle \u00e9tude envoy\u00e9e en 1842<\/p>\n<p>En 1867, <strong>Denfert-Rochereau<\/strong> propose des ouvrages (7\u00e8me projet)\u00a0aux Perches, proposition reprise par le g\u00e9n\u00e9ral du g\u00e9nie Frossard.<\/p>\n<p><strong>La construction des forts en ma\u00e7onnerie des Perches en 1870 et 1871 par Denfert-Rochereau<\/strong><\/p>\n<p>Le fort des Basses Perches comprenait des blockhaus le long du foss\u00e9 de gorge recouverts de poutres \u00e0 l&rsquo;\u00e9preuve de la bombe et trois traverses creuses. les murs \u00e9taient construits en ma\u00e7onnerie s\u00e8che et les foss\u00e9s taill\u00e9s dans la roche. les blockhaus \u00e9taient b\u00e2tis pour abriter une centaine de personnes.<br \/>\nA la d\u00e9claration de la guerre de 1870, les forts des Perches sont arm\u00e9s et les ouvrages sont termin\u00e9s pendant la guerre.<br \/>\nApr\u00e8s le guerre, \u00e0 partir de f\u00e9vrier 1871, les forts sont remis en \u00e9tat par l&rsquo;arm\u00e9e prussienne. Le fort des Hautes Perches ainsi que le fort Bellevue ont \u00e9t\u00e9 adapt\u00e9s au logement des militaires prussiens qui ont quitt\u00e9 la ville en 1873.<\/p>\n<p>a<\/p>\n<div id=\"attachment_475\" style=\"width: 910px\" class=\"wp-caption alignleft\"><a href=\"http:\/\/fortbassesperches.com\/wp-content\/uploads\/2011\/11\/Fort-Basses-Perches-1870-1871-900X637-R801.jpg\"><img loading=\"lazy\" decoding=\"async\" aria-describedby=\"caption-attachment-475\" class=\"size-full wp-image-475\" title=\"Fort Basses Perches 1870-1871 900X637 R80\" src=\"http:\/\/fortbassesperches.com\/wp-content\/uploads\/2011\/11\/Fort-Basses-Perches-1870-1871-900X637-R801.jpg\" alt=\"\" width=\"900\" height=\"637\" srcset=\"https:\/\/fortbassesperches.com\/wp-content\/uploads\/2011\/11\/Fort-Basses-Perches-1870-1871-900X637-R801.jpg 900w, https:\/\/fortbassesperches.com\/wp-content\/uploads\/2011\/11\/Fort-Basses-Perches-1870-1871-900X637-R801-300x212.jpg 300w\" sizes=\"auto, (max-width: 900px) 100vw, 900px\" \/><\/a><p id=\"caption-attachment-475\" class=\"wp-caption-text\">Fort des Basses Perches - Denfert 1870<\/p><\/div>\n<p><em>Cliquer sur l&rsquo;image pour l&rsquo;agrandir<\/em><\/p>\n<p>a<\/p>\n<div id=\"attachment_503\" style=\"width: 810px\" class=\"wp-caption alignleft\"><a href=\"http:\/\/fortbassesperches.com\/wp-content\/uploads\/2011\/11\/Fortification-Belfort-1870-800X663-R80.jpg\"><img loading=\"lazy\" decoding=\"async\" aria-describedby=\"caption-attachment-503\" class=\"size-full wp-image-503\" title=\"Fortification Belfort 1870 - 800X663 R80\" src=\"http:\/\/fortbassesperches.com\/wp-content\/uploads\/2011\/11\/Fortification-Belfort-1870-800X663-R80.jpg\" alt=\"\" width=\"800\" height=\"663\" srcset=\"https:\/\/fortbassesperches.com\/wp-content\/uploads\/2011\/11\/Fortification-Belfort-1870-800X663-R80.jpg 800w, https:\/\/fortbassesperches.com\/wp-content\/uploads\/2011\/11\/Fortification-Belfort-1870-800X663-R80-300x248.jpg 300w\" sizes=\"auto, (max-width: 800px) 100vw, 800px\" \/><\/a><p id=\"caption-attachment-503\" class=\"wp-caption-text\">Premi\u00e8re Ceinture Fortifi\u00e9e Belfort-Situation 1870 (Extrait) - R\u00e9f. ADTB Belfort 6J\/792\/4<\/p><\/div>\n<p><em>Cliquer sur l&rsquo;image pour l&rsquo;agrandir<\/em><\/p>\n<p>A noter que le fort de Bellevue a \u00e9t\u00e9 d\u00e9molie au d\u00e9but du 20\u00e8me si\u00e8cle.<\/p>\n<p>&nbsp;<\/p>\n<p>Fin de la page<\/p>\n<p>&nbsp;<\/p>\n<p>&nbsp;<\/p>\n<p>&nbsp;<\/p>\n","protected":false},"excerpt":{"rendered":"<p>La Colline des Perches &#8211; Int\u00e9r\u00eat Militaire\u00a0pour la D\u00e9fense de Belfort La pr\u00e9sente page traite de la fortification des hauteurs de Belfort et en particulier la fortification de la colline des Perches de 1815 (Lecourbe)\u00a0jusqu&rsquo;\u00e0 1870 (Denfert-Rochereau). Le plan en &hellip; <a href=\"https:\/\/fortbassesperches.com\/?page_id=207\">Continuer la lecture <span class=\"meta-nav\">&rarr;<\/span><\/a><\/p>\n","protected":false},"author":1,"featured_media":0,"parent":202,"menu_order":2,"comment_status":"closed","ping_status":"closed","template":"","meta":{"ngg_post_thumbnail":0,"footnotes":""},"class_list":["post-207","page","type-page","status-publish","hentry"],"_links":{"self":[{"href":"https:\/\/fortbassesperches.com\/index.php?rest_route=\/wp\/v2\/pages\/207","targetHints":{"allow":["GET"]}}],"collection":[{"href":"https:\/\/fortbassesperches.com\/index.php?rest_route=\/wp\/v2\/pages"}],"about":[{"href":"https:\/\/fortbassesperches.com\/index.php?rest_route=\/wp\/v2\/types\/page"}],"author":[{"embeddable":true,"href":"https:\/\/fortbassesperches.com\/index.php?rest_route=\/wp\/v2\/users\/1"}],"replies":[{"embeddable":true,"href":"https:\/\/fortbassesperches.com\/index.php?rest_route=%2Fwp%2Fv2%2Fcomments&post=207"}],"version-history":[{"count":47,"href":"https:\/\/fortbassesperches.com\/index.php?rest_route=\/wp\/v2\/pages\/207\/revisions"}],"predecessor-version":[{"id":522,"href":"https:\/\/fortbassesperches.com\/index.php?rest_route=\/wp\/v2\/pages\/207\/revisions\/522"}],"up":[{"embeddable":true,"href":"https:\/\/fortbassesperches.com\/index.php?rest_route=\/wp\/v2\/pages\/202"}],"wp:attachment":[{"href":"https:\/\/fortbassesperches.com\/index.php?rest_route=%2Fwp%2Fv2%2Fmedia&parent=207"}],"curies":[{"name":"wp","href":"https:\/\/api.w.org\/{rel}","templated":true}]}}