{"id":205,"date":"2011-11-29T17:10:06","date_gmt":"2011-11-29T15:10:06","guid":{"rendered":"http:\/\/fortbassesperches.com\/?page_id=205"},"modified":"2012-01-01T22:48:40","modified_gmt":"2012-01-01T20:48:40","slug":"la-colline-des-perches-spectatrice","status":"publish","type":"page","link":"https:\/\/fortbassesperches.com\/?page_id=205","title":{"rendered":"La Colline des Perches &#8211; Spectatrice"},"content":{"rendered":"<h2>La colline des Perches &#8211; Spectatrice de la d\u00e9fense de Belfort<\/h2>\n<p><strong>Du Moyen Age jusqu&rsquo;\u00e0 Vauban<\/strong><\/p>\n<p>L&rsquo;origine du ch\u00e2teau de Belfort comme presque tous les manoirs f\u00e9odaux, se perd dans la nuit des temps : le trait\u00e9 de Grandvillars de 1226 fait mention du ch\u00e2teau de <strong>Beafort<\/strong> propri\u00e9t\u00e9 de Richard, comte de Montb\u00e9liard.<br \/>\nPar acte du mois de mai 1307 par lequel Renaud de Bourgogne, comte de Montb\u00e9liard, affranchit ch\u00e2teau, bourg, ville de Belfort et ses habitants, sauf \u00e0 lui payer tous les ans sur les constructions ou terrains \u00e0 b\u00e2tir un droit de toises.<\/p>\n<p>Belfort a support\u00e9 de nombreux si\u00e8ges dont la liste qui suit n&rsquo;est pas exhautive :<\/p>\n<p>&#8211; XV\u00e8me si\u00e8cle : deux si\u00e8ges<br \/>\n&#8211; XVI\u00e8me si\u00e8cle : pas de si\u00e8ge militaire<br \/>\n&#8211; XVII\u00e8me si\u00e8cle : six si\u00e8ges de 1631 \u00e0 1636 et puis 1653<\/p>\n<p>Le plus important est celui de 1636 : il fera passer Belfort et sa r\u00e9gion de la Maison d&rsquo;Autriche \u00e0 la Maison de France.<\/p>\n<p>Au printemps de 1636, Louis de Champagne, comte de la Suze, assi\u00e8ge Belfort pour le comte du roi Louis XIII. Louis de Champagne, d\u00e9c\u00e8de peu apr\u00e8s son entr\u00e9e \u00e0 Belfort. Son fils, Gaspard, prend la suite d son p\u00e8re \u00e0 la t\u00eate de la seigneurie de Belfort. Il fait r\u00e9parer l&rsquo;enceinte, le ch\u00e2teau et cr\u00e9e un nouvel ouvrage d\u00e9fensif connu sous le nom de \u00ab\u00a0Couronn\u00e9 du comte de la Suze\u00a0\u00bb \u00e0 l&#8217;emplacement de second foss\u00e9 m\u00e9di\u00e9val.<\/p>\n<p>Vers la fin de l&rsquo;ann\u00e9e 1653, Louis XIV charge le mar\u00e9chal de La fert\u00e9 de reprendre Belfort \u00e0 Gaspard de Champagne qui avait rejoint le parti de la Fronde. Des travaux de tranch\u00e9e sont faits entre l&rsquo;\u00e9tang de Rethenans et le bois de la Perche et entre la montagne des Fourches (Juistice) en direction de la Tour des Bourgeois.<\/p>\n<p>En 1659, Louis XIV donne au cardinal de mazarin la seigneurie de belfort et d&rsquo;autres biens.<\/p>\n<p><strong>Belfort et la p\u00e9riode Vauban<\/strong><\/p>\n<p>Quelques dates :<\/p>\n<ul>\n<li>1675 &#8211; Premi\u00e8re visite de Vauban\u00a0\u00e0 Belfort.<br \/>\nLe r\u00e9sultat de la visite est r\u00e9dig\u00e9 dans un document titr\u00e9 : \u00ab\u00a0Avis sur les ouvrages plus n\u00e9cessaires \u00e0 la fortification de Belfort pour mettre cette place en \u00e9tat de pouvoir soutenir un si\u00e8ge et faire d&rsquo;elle m\u00eame une d\u00e9fense raisonnable.\u00a0\u00bb Sign\u00e9 Vauban le 29 juin 1675.<\/li>\n<li>1684\/1686 &#8211; louis XIV, marie-Th\u00e9r\u00e8se d&rsquo;Autriche et le dauphin passent \u00e0 Belfort lors de leur visite de l&rsquo;Alsace. <em>A-t-on expliqu\u00e9 au Roi l&rsquo;importance de Belfort ? On peut le penser.<\/em><\/li>\n<li>1687 &#8211; D\u00e9but des travaux de fortifications et d&rsquo;extension de la ville de Belfort.<\/li>\n<li>1703\/1705 &#8211; Vauban r\u00e9ceptionne les travaux.<\/li>\n<\/ul>\n<div id=\"attachment_457\" style=\"width: 410px\" class=\"wp-caption alignleft\"><a href=\"http:\/\/fortbassesperches.com\/wp-content\/uploads\/2011\/11\/P1010205-RetRet-400-X-400-R.jpg\"><img loading=\"lazy\" decoding=\"async\" aria-describedby=\"caption-attachment-457\" class=\"size-full wp-image-457\" title=\"P1010205 RetRet 400 X 400 R\" src=\"http:\/\/fortbassesperches.com\/wp-content\/uploads\/2011\/11\/P1010205-RetRet-400-X-400-R.jpg\" alt=\"\" width=\"400\" height=\"400\" srcset=\"https:\/\/fortbassesperches.com\/wp-content\/uploads\/2011\/11\/P1010205-RetRet-400-X-400-R.jpg 400w, https:\/\/fortbassesperches.com\/wp-content\/uploads\/2011\/11\/P1010205-RetRet-400-X-400-R-150x150.jpg 150w, https:\/\/fortbassesperches.com\/wp-content\/uploads\/2011\/11\/P1010205-RetRet-400-X-400-R-300x300.jpg 300w\" sizes=\"auto, (max-width: 400px) 100vw, 400px\" \/><\/a><p id=\"caption-attachment-457\" class=\"wp-caption-text\">Vauban et le ministre de Louis XIV, Louvois visitent les Travaux des Fortifications de Belfort en 1679 - Tableau Mairie de Belfort<\/p><\/div>\n<p>Le mar\u00e9chal Vauban, le grand homme \u00e0 qui rien n&rsquo;\u00e9chappait, apr\u00e8s avoir examin\u00e9 la situation des hauteurs de la Miotte, de la Justice, de la Perche et des Barres, avait parfaitement bien senti qu&rsquo;elles ne permettaient pas trop l&rsquo;\u00e9tablissement d&rsquo;une place de guerre au pied de l&rsquo;escarpement du ch\u00e2teau, et sa premi\u00e8re id\u00e9e avait \u00e9t\u00e9 de la construire imm\u00e9diatement \u00e0 la gorge entre les hauteurs de la Miotte et de la Justice, et d&rsquo;occuper en m\u00eame temps ces hauteurs.<br \/>\nVauban qui \u00e9tait trop occup\u00e9 dans toutes les parties du Royaume, n&rsquo;ayant point assez de temps pour examiner par lui-m\u00eame la validit\u00e9 des raisons de d\u00e9tail qui pourraient contrebalancer ses projets g\u00e9n\u00e9raux, se d\u00e9sistait de la premi\u00e8re id\u00e9e, par la crainte qu&rsquo;on lui inspirait de manquer de l&rsquo;eau dans le Vallon.<br \/>\nD&rsquo;anciens m\u00e9moires militaires parlent \u00e9galement des int\u00e9r\u00eats particuliers de la famille Mazarin et aussi d&rsquo;un d\u00e9sir de profiter du commencement d&rsquo;habitation dans la vieille ville&#8230;<br \/>\nLe projet ex\u00e9cut\u00e9 consistait en un pentagone irr\u00e9gulier, sous l&rsquo;escarpement de la gorge du ch\u00e2teau, enfermant la vieille ville et tout le terrain en avant. Le lit de la rivi\u00e8re \u00e9tait m\u00eame repouss\u00e9 au dehors \u00e0 la place actuelle.<br \/>\nA remarquer que la ville n&rsquo;a pas eu de si\u00e8ge \u00e0 soutenir depuis sa construction jusqu&rsquo;en 1814.<\/p>\n<p>Fin de la page<\/p>\n<p>&nbsp;<\/p>\n","protected":false},"excerpt":{"rendered":"<p>La colline des Perches &#8211; Spectatrice de la d\u00e9fense de Belfort Du Moyen Age jusqu&rsquo;\u00e0 Vauban L&rsquo;origine du ch\u00e2teau de Belfort comme presque tous les manoirs f\u00e9odaux, se perd dans la nuit des temps : le trait\u00e9 de Grandvillars de &hellip; <a href=\"https:\/\/fortbassesperches.com\/?page_id=205\">Continuer la lecture <span class=\"meta-nav\">&rarr;<\/span><\/a><\/p>\n","protected":false},"author":1,"featured_media":0,"parent":202,"menu_order":1,"comment_status":"closed","ping_status":"closed","template":"","meta":{"ngg_post_thumbnail":0,"footnotes":""},"class_list":["post-205","page","type-page","status-publish","hentry"],"_links":{"self":[{"href":"https:\/\/fortbassesperches.com\/index.php?rest_route=\/wp\/v2\/pages\/205","targetHints":{"allow":["GET"]}}],"collection":[{"href":"https:\/\/fortbassesperches.com\/index.php?rest_route=\/wp\/v2\/pages"}],"about":[{"href":"https:\/\/fortbassesperches.com\/index.php?rest_route=\/wp\/v2\/types\/page"}],"author":[{"embeddable":true,"href":"https:\/\/fortbassesperches.com\/index.php?rest_route=\/wp\/v2\/users\/1"}],"replies":[{"embeddable":true,"href":"https:\/\/fortbassesperches.com\/index.php?rest_route=%2Fwp%2Fv2%2Fcomments&post=205"}],"version-history":[{"count":20,"href":"https:\/\/fortbassesperches.com\/index.php?rest_route=\/wp\/v2\/pages\/205\/revisions"}],"predecessor-version":[{"id":491,"href":"https:\/\/fortbassesperches.com\/index.php?rest_route=\/wp\/v2\/pages\/205\/revisions\/491"}],"up":[{"embeddable":true,"href":"https:\/\/fortbassesperches.com\/index.php?rest_route=\/wp\/v2\/pages\/202"}],"wp:attachment":[{"href":"https:\/\/fortbassesperches.com\/index.php?rest_route=%2Fwp%2Fv2%2Fmedia&parent=205"}],"curies":[{"name":"wp","href":"https:\/\/api.w.org\/{rel}","templated":true}]}}