{"id":202,"date":"2011-11-29T17:04:52","date_gmt":"2011-11-29T15:04:52","guid":{"rendered":"http:\/\/fortbassesperches.com\/?page_id=202"},"modified":"2015-02-15T11:42:57","modified_gmt":"2015-02-15T09:42:57","slug":"historique","status":"publish","type":"page","link":"https:\/\/fortbassesperches.com\/?page_id=202","title":{"rendered":"Historique"},"content":{"rendered":"<p>La colline des Perches qui domine la ville de Belfort et sa citadelle au sud-est n&rsquo;\u00e9tait pas utilis\u00e9e comme lieu strat\u00e9gique lors du d\u00e9but de l&rsquo;\u00e9volution de la fortification ; elle \u00e9tait plut\u00f4t \u00ab\u00a0Spectatrice\u00a0\u00bb de ce qui se passait dans la ville.<br \/>\nLes militaires se sont int\u00e9ress\u00e9s \u00e0 la situation strat\u00e9gique des Perches qu&rsquo;\u00e0 partir de la fin du 18\u00e8me si\u00e8cle.<br \/>\nLa description qui suit fournit des informations sommaires dans un ordre chronologique des travaux militaires r\u00e9alis\u00e9s \u00e0 partir du 13\u00e8me si\u00e8cle. Le si\u00e8ge 1870-1871 de Belfort avec les \u00e9v\u00e9nements d\u00e9cisifs qui ont eu lieu aux Perches est \u00e9galement trait\u00e9.<\/p>\n<p style=\"text-align: center;\"><strong>2015 &#8211; Deux si\u00e8cles de fortification de la colline des Perches<\/strong><\/p>\n","protected":false},"excerpt":{"rendered":"<p>La colline des Perches qui domine la ville de Belfort et sa citadelle au sud-est n&rsquo;\u00e9tait pas utilis\u00e9e comme lieu strat\u00e9gique lors du d\u00e9but de l&rsquo;\u00e9volution de la fortification ; elle \u00e9tait plut\u00f4t \u00ab\u00a0Spectatrice\u00a0\u00bb de ce qui se passait dans &hellip; <a href=\"https:\/\/fortbassesperches.com\/?page_id=202\">Continuer la lecture <span class=\"meta-nav\">&rarr;<\/span><\/a><\/p>\n","protected":false},"author":1,"featured_media":0,"parent":0,"menu_order":7,"comment_status":"closed","ping_status":"closed","template":"","meta":{"ngg_post_thumbnail":0,"footnotes":""},"class_list":["post-202","page","type-page","status-publish","hentry"],"_links":{"self":[{"href":"https:\/\/fortbassesperches.com\/index.php?rest_route=\/wp\/v2\/pages\/202","targetHints":{"allow":["GET"]}}],"collection":[{"href":"https:\/\/fortbassesperches.com\/index.php?rest_route=\/wp\/v2\/pages"}],"about":[{"href":"https:\/\/fortbassesperches.com\/index.php?rest_route=\/wp\/v2\/types\/page"}],"author":[{"embeddable":true,"href":"https:\/\/fortbassesperches.com\/index.php?rest_route=\/wp\/v2\/users\/1"}],"replies":[{"embeddable":true,"href":"https:\/\/fortbassesperches.com\/index.php?rest_route=%2Fwp%2Fv2%2Fcomments&post=202"}],"version-history":[{"count":9,"href":"https:\/\/fortbassesperches.com\/index.php?rest_route=\/wp\/v2\/pages\/202\/revisions"}],"predecessor-version":[{"id":1075,"href":"https:\/\/fortbassesperches.com\/index.php?rest_route=\/wp\/v2\/pages\/202\/revisions\/1075"}],"wp:attachment":[{"href":"https:\/\/fortbassesperches.com\/index.php?rest_route=%2Fwp%2Fv2%2Fmedia&parent=202"}],"curies":[{"name":"wp","href":"https:\/\/api.w.org\/{rel}","templated":true}]}}