{"id":194,"date":"2011-11-29T16:56:49","date_gmt":"2011-11-29T14:56:49","guid":{"rendered":"http:\/\/fortbassesperches.com\/?page_id=194"},"modified":"2014-11-15T15:50:36","modified_gmt":"2014-11-15T13:50:36","slug":"travaux-realises","status":"publish","type":"page","link":"https:\/\/fortbassesperches.com\/?page_id=194","title":{"rendered":"Travaux r\u00e9alis\u00e9s"},"content":{"rendered":"<p>Les pages qui suivent traitent des travaux suivants :<\/p>\n<ul>\n<li>Les quatre tranches de travaux de r\u00e9novation r\u00e9alis\u00e9s par une association d&rsquo;insertion \u00e0 partir de 2003 et les travaux suite au projet de r\u00e9novation 2012.<br \/>\n.<\/li>\n<li>\u00a0Les principaux travaux r\u00e9alis\u00e9s\u00a0par l&rsquo;Amicale du Fort depuis le 1er mai 2002, y compris la mise en s\u00e9curit\u00e9 du site en 2001.<\/li>\n<\/ul>\n","protected":false},"excerpt":{"rendered":"<p>Les pages qui suivent traitent des travaux suivants : Les quatre tranches de travaux de r\u00e9novation r\u00e9alis\u00e9s par une association d&rsquo;insertion \u00e0 partir de 2003 et les travaux suite au projet de r\u00e9novation 2012. . \u00a0Les principaux travaux r\u00e9alis\u00e9s\u00a0par l&rsquo;Amicale &hellip; <a href=\"https:\/\/fortbassesperches.com\/?page_id=194\">Continuer la lecture <span class=\"meta-nav\">&rarr;<\/span><\/a><\/p>\n","protected":false},"author":1,"featured_media":0,"parent":0,"menu_order":5,"comment_status":"closed","ping_status":"closed","template":"","meta":{"ngg_post_thumbnail":0,"footnotes":""},"class_list":["post-194","page","type-page","status-publish","hentry"],"_links":{"self":[{"href":"https:\/\/fortbassesperches.com\/index.php?rest_route=\/wp\/v2\/pages\/194","targetHints":{"allow":["GET"]}}],"collection":[{"href":"https:\/\/fortbassesperches.com\/index.php?rest_route=\/wp\/v2\/pages"}],"about":[{"href":"https:\/\/fortbassesperches.com\/index.php?rest_route=\/wp\/v2\/types\/page"}],"author":[{"embeddable":true,"href":"https:\/\/fortbassesperches.com\/index.php?rest_route=\/wp\/v2\/users\/1"}],"replies":[{"embeddable":true,"href":"https:\/\/fortbassesperches.com\/index.php?rest_route=%2Fwp%2Fv2%2Fcomments&post=194"}],"version-history":[{"count":21,"href":"https:\/\/fortbassesperches.com\/index.php?rest_route=\/wp\/v2\/pages\/194\/revisions"}],"predecessor-version":[{"id":1015,"href":"https:\/\/fortbassesperches.com\/index.php?rest_route=\/wp\/v2\/pages\/194\/revisions\/1015"}],"wp:attachment":[{"href":"https:\/\/fortbassesperches.com\/index.php?rest_route=%2Fwp%2Fv2%2Fmedia&parent=194"}],"curies":[{"name":"wp","href":"https:\/\/api.w.org\/{rel}","templated":true}]}}