{"id":1201,"date":"2016-03-23T22:59:44","date_gmt":"2016-03-23T20:59:44","guid":{"rendered":"http:\/\/fortbassesperches.com\/?page_id=1201"},"modified":"2017-04-02T10:14:54","modified_gmt":"2017-04-02T08:14:54","slug":"la-guerre-franco-prussienne-dans-lest","status":"publish","type":"page","link":"https:\/\/fortbassesperches.com\/?page_id=1201","title":{"rendered":"La Guerre 1870-1871 &#8211; La Guerre dans L&rsquo;Est de la France"},"content":{"rendered":"<p><span style=\"color: #ff0000;\"><span style=\"color: #000000;\">La page d\u00e9crit sommairement les \u00e9v\u00e9nements militaires qui ont eu lieu dans l&rsquo;Est de la France lors de la guerre Franco-Prussienne.<br \/>\nPourquoi publier les \u00e9v\u00e9nements catastrophiques mais \u00e9galement humanitaires, d\u00e9j\u00e0 d\u00e9crits dans de nombreux ouvrages&nbsp; en plusieurs langues et m\u00eame utilis\u00e9s lors de l&rsquo;enseignement militaire.<\/span><\/span><\/p>\n<p>L&rsquo;objectif de la Guerre dans l&rsquo;Est \u00e9tait secourir Belfort. Cet objectif, \u00e9tait \u00e9troitement li\u00e9 au si\u00e8ge de Belfort fait l&rsquo;objet de la page actuelle.<\/p>\n<p>La p\u00e9riode couverte se situe entre la fin du Si\u00e8ge de Strasbourg le 28 septembre 1870 et l&rsquo;accueil de l&rsquo;Arm\u00e9e de l&rsquo;Est en Suisse le 1er f\u00e9vrier 1871.<\/p>\n<p>La page suivante, \u00ab\u00a0Le Si\u00e8ge de Belfort\u00a0\u00bb d\u00e9crit les \u00e9v\u00e9nements militaires qui se sont termin\u00e9s le 16 f\u00e9vrier 1871 aux forts des Perches.<\/p>\n<h3 style=\"text-align: center;\">Les principaux protagonistes des arm\u00e9es dans l&rsquo;Est<\/h3>\n<div id=\"attachment_1254\" style=\"width: 281px\" class=\"wp-caption alignleft\"><a href=\"http:\/\/fortbassesperches.com\/wp-content\/uploads\/2016\/03\/Moltke-271-X-307-R72.jpg\"><img loading=\"lazy\" decoding=\"async\" aria-describedby=\"caption-attachment-1254\" class=\"wp-image-1254 size-full\" src=\"http:\/\/fortbassesperches.com\/wp-content\/uploads\/2016\/03\/Moltke-271-X-307-R72.jpg\" width=\"271\" height=\"307\" srcset=\"https:\/\/fortbassesperches.com\/wp-content\/uploads\/2016\/03\/Moltke-271-X-307-R72.jpg 271w, https:\/\/fortbassesperches.com\/wp-content\/uploads\/2016\/03\/Moltke-271-X-307-R72-265x300.jpg 265w\" sizes=\"auto, (max-width: 271px) 100vw, 271px\" \/><\/a><p id=\"caption-attachment-1254\" class=\"wp-caption-text\">Helmut von Moltke<\/p><\/div>\n<div id=\"attachment_1255\" style=\"width: 284px\" class=\"wp-caption alignleft\"><a href=\"http:\/\/fortbassesperches.com\/wp-content\/uploads\/2016\/03\/Werder-270-X-305-R80.jpg\"><img loading=\"lazy\" decoding=\"async\" aria-describedby=\"caption-attachment-1255\" class=\"wp-image-1255 size-full\" src=\"http:\/\/fortbassesperches.com\/wp-content\/uploads\/2016\/03\/Werder-270-X-305-R80.jpg\" width=\"274\" height=\"305\" srcset=\"https:\/\/fortbassesperches.com\/wp-content\/uploads\/2016\/03\/Werder-270-X-305-R80.jpg 274w, https:\/\/fortbassesperches.com\/wp-content\/uploads\/2016\/03\/Werder-270-X-305-R80-270x300.jpg 270w\" sizes=\"auto, (max-width: 274px) 100vw, 274px\" \/><\/a><p id=\"caption-attachment-1255\" class=\"wp-caption-text\">Gustav von Werder<\/p><\/div>\n<p>m<\/p>\n<div id=\"attachment_1262\" style=\"width: 283px\" class=\"wp-caption alignleft\"><a href=\"http:\/\/fortbassesperches.com\/wp-content\/uploads\/2016\/03\/Gambetta-269-X-329-R80-1.jpg\"><img loading=\"lazy\" decoding=\"async\" aria-describedby=\"caption-attachment-1262\" class=\"wp-image-1262 size-full\" src=\"http:\/\/fortbassesperches.com\/wp-content\/uploads\/2016\/03\/Gambetta-269-X-329-R80-1.jpg\" width=\"273\" height=\"333\" srcset=\"https:\/\/fortbassesperches.com\/wp-content\/uploads\/2016\/03\/Gambetta-269-X-329-R80-1.jpg 273w, https:\/\/fortbassesperches.com\/wp-content\/uploads\/2016\/03\/Gambetta-269-X-329-R80-1-246x300.jpg 246w\" sizes=\"auto, (max-width: 273px) 100vw, 273px\" \/><\/a><p id=\"caption-attachment-1262\" class=\"wp-caption-text\">L\u00e9on Gambetta<\/p><\/div>\n<div id=\"attachment_1263\" style=\"width: 284px\" class=\"wp-caption alignleft\"><a href=\"http:\/\/fortbassesperches.com\/wp-content\/uploads\/2016\/03\/Bourbaki-270-X-330-R80.jpg\"><img loading=\"lazy\" decoding=\"async\" aria-describedby=\"caption-attachment-1263\" class=\"wp-image-1263 size-full\" src=\"http:\/\/fortbassesperches.com\/wp-content\/uploads\/2016\/03\/Bourbaki-270-X-330-R80.jpg\" width=\"274\" height=\"334\" srcset=\"https:\/\/fortbassesperches.com\/wp-content\/uploads\/2016\/03\/Bourbaki-270-X-330-R80.jpg 274w, https:\/\/fortbassesperches.com\/wp-content\/uploads\/2016\/03\/Bourbaki-270-X-330-R80-246x300.jpg 246w\" sizes=\"auto, (max-width: 274px) 100vw, 274px\" \/><\/a><p id=\"caption-attachment-1263\" class=\"wp-caption-text\">Charles-Denis Bourbaki<\/p><\/div>\n<p>&nbsp;<\/p>\n<p>&nbsp;<\/p>\n<p>&nbsp;<\/p>\n<p>&nbsp;<\/p>\n<p>&nbsp;<\/p>\n<p>&nbsp;<\/p>\n<p>&nbsp;<\/p>\n<p>&nbsp;<\/p>\n<p>&nbsp;<\/p>\n<ul>\n<li>Helmut von Moltke &#8211; Mar\u00e9chal. Chef grand \u00e9tat major g\u00e9n\u00e9ral.<\/li>\n<li>August von Werder &#8211; G\u00e9n\u00e9ral de l&rsquo;Infanterie. G\u00e9n\u00e9ral commandant du Corps du Si\u00e8ge de Strasbourg du 2 ao\u00fbt 1870 au 28 septembre. G\u00e9n\u00e9ral commandant du XIV\u00e8me Corps d&rsquo;Arm\u00e9e du 28 septembre au 31 mars 1871.<\/li>\n<li>Edwin von Manteuffel (sans image) &#8211; G\u00e9n\u00e9ral de Cavalerie. Commandant sup\u00e9rieur de la 1\u00e8re arm\u00e9e du 15 septembre 1870 au 7 janvier 1871, commandant de l&rsquo;arm\u00e9e du sud du 7 janvier 1871 au 20 juin 1871 et commandant de l&rsquo;arm\u00e9e d&rsquo;occupation du 20 juin 1871 au 19 septembre 1873.<\/li>\n<li>L\u00e9on Gambetta &#8211; Ministre de l&rsquo;Int\u00e9rieur du 4 septembre au 6 f\u00e9vrier 1871.<\/li>\n<li style=\"text-align: left;\">Charles Denis Bourbaki &#8211; Commandant de l&rsquo;Arm\u00e9e du Nord \u00e0 partir du 22 octobre 1870, puis le 10 novembre 1870&nbsp; Commandant de l&rsquo;Arm\u00e9e de la Loire pour former l&rsquo;Arm\u00e9e de l&rsquo;Est au mois de d\u00e9cembre.<\/li>\n<\/ul>\n<h3 style=\"text-align: center;\">Les principaux actions militaires des arm\u00e9es dans l&rsquo;Est<\/h3>\n<ul>\n<li>16 ao\u00fbt &#8211; 28 septembre 1870 : Si\u00e8ge de Strasbourg<\/li>\n<li>6 octobre 1870 : Bataille de La Bourgonce \/ Nompatelize<\/li>\n<li>8 et 9 janvier 1871 : Bataille de Villersexel<\/li>\n<li>13 janvier 1871 : Bataille d&rsquo;Arcey<\/li>\n<li>15 &#8211; 17 janvier 1871 : Bataille de la Lizaine<\/li>\n<li>17 janvier 1871 : Retrait de l&rsquo;Arm\u00e9e de l&rsquo;Est<\/li>\n<li>1er f\u00e9vrier 1871 : Entr\u00e9e de l&rsquo;Arm\u00e9e de l&rsquo;Est en Suisse<\/li>\n<\/ul>\n<p>&nbsp;<\/p>\n<p><span style=\"color: #ff0000;\">Page en chantier<\/span><\/p>\n<p>&nbsp;<\/p>\n<p>&nbsp;<\/p>\n<p>&nbsp;<\/p>\n","protected":false},"excerpt":{"rendered":"<p>La page d\u00e9crit sommairement les \u00e9v\u00e9nements militaires qui ont eu lieu dans l&rsquo;Est de la France lors de la guerre Franco-Prussienne. Pourquoi publier les \u00e9v\u00e9nements catastrophiques mais \u00e9galement humanitaires, d\u00e9j\u00e0 d\u00e9crits dans de nombreux ouvrages&nbsp; en plusieurs langues et m\u00eame &hellip; <a href=\"https:\/\/fortbassesperches.com\/?page_id=1201\">Continuer la lecture <span class=\"meta-nav\">&rarr;<\/span><\/a><\/p>\n","protected":false},"author":1,"featured_media":0,"parent":202,"menu_order":3,"comment_status":"closed","ping_status":"closed","template":"","meta":{"ngg_post_thumbnail":0,"footnotes":""},"class_list":["post-1201","page","type-page","status-publish","hentry"],"_links":{"self":[{"href":"https:\/\/fortbassesperches.com\/index.php?rest_route=\/wp\/v2\/pages\/1201","targetHints":{"allow":["GET"]}}],"collection":[{"href":"https:\/\/fortbassesperches.com\/index.php?rest_route=\/wp\/v2\/pages"}],"about":[{"href":"https:\/\/fortbassesperches.com\/index.php?rest_route=\/wp\/v2\/types\/page"}],"author":[{"embeddable":true,"href":"https:\/\/fortbassesperches.com\/index.php?rest_route=\/wp\/v2\/users\/1"}],"replies":[{"embeddable":true,"href":"https:\/\/fortbassesperches.com\/index.php?rest_route=%2Fwp%2Fv2%2Fcomments&post=1201"}],"version-history":[{"count":63,"href":"https:\/\/fortbassesperches.com\/index.php?rest_route=\/wp\/v2\/pages\/1201\/revisions"}],"predecessor-version":[{"id":1311,"href":"https:\/\/fortbassesperches.com\/index.php?rest_route=\/wp\/v2\/pages\/1201\/revisions\/1311"}],"up":[{"embeddable":true,"href":"https:\/\/fortbassesperches.com\/index.php?rest_route=\/wp\/v2\/pages\/202"}],"wp:attachment":[{"href":"https:\/\/fortbassesperches.com\/index.php?rest_route=%2Fwp%2Fv2%2Fmedia&parent=1201"}],"curies":[{"name":"wp","href":"https:\/\/api.w.org\/{rel}","templated":true}]}}